{"id":6344,"date":"2025-10-02T18:16:07","date_gmt":"2025-10-02T18:16:07","guid":{"rendered":"https:\/\/canpa.cl\/wp\/my-account\/"},"modified":"2025-10-02T18:16:07","modified_gmt":"2025-10-02T18:16:07","slug":"my-account","status":"publish","type":"page","link":"https:\/\/canpa.cl\/wp\/my-account\/","title":{"rendered":"My Account"},"content":{"rendered":"<p>[user_registration_my_account]<\/p>\n","protected":false},"excerpt":{"rendered":"<p>[user_registration_my_account]<\/p>\n","protected":false},"author":1,"featured_media":0,"parent":0,"menu_order":0,"comment_status":"closed","ping_status":"closed","template":"","meta":{"footnotes":""},"class_list":["post-6344","page","type-page","status-publish","hentry"],"yoast_head":"<!-- This site is optimized with the Yoast SEO plugin v26.0 - https:\/\/yoast.com\/wordpress\/plugins\/seo\/ -->\n<title>My Account - CANPA - Comunicaci\u00f3n Alimentaci\u00f3n Neonatal\/Pedi\u00e1trica Asesor\u00edas.<\/title>\n<meta name=\"robots\" content=\"index, follow, max-snippet:-1, max-image-preview:large, max-video-preview:-1\" \/>\n<link rel=\"canonical\" href=\"https:\/\/canpa.cl\/wp\/my-account\/\" \/>\n<meta property=\"og:locale\" content=\"es_ES\" \/>\n<meta property=\"og:type\" content=\"article\" \/>\n<meta property=\"og:title\" content=\"My Account - CANPA - Comunicaci\u00f3n Alimentaci\u00f3n Neonatal\/Pedi\u00e1trica Asesor\u00edas.\" \/>\n<meta property=\"og:description\" content=\"[user_registration_my_account]\" \/>\n<meta property=\"og:url\" content=\"https:\/\/canpa.cl\/wp\/my-account\/\" \/>\n<meta property=\"og:site_name\" content=\"CANPA - Comunicaci\u00f3n Alimentaci\u00f3n Neonatal\/Pedi\u00e1trica Asesor\u00edas.\" \/>\n<meta property=\"article:publisher\" content=\"https:\/\/www.facebook.com\/lactanciacanpa\/\" \/>\n<meta name=\"twitter:card\" content=\"summary_large_image\" \/>\n<script type=\"application\/ld+json\" class=\"yoast-schema-graph\">{\"@context\":\"https:\/\/schema.org\",\"@graph\":[{\"@type\":\"WebPage\",\"@id\":\"https:\/\/canpa.cl\/wp\/my-account\/\",\"url\":\"https:\/\/canpa.cl\/wp\/my-account\/\",\"name\":\"My Account - CANPA - Comunicaci\u00f3n Alimentaci\u00f3n Neonatal\/Pedi\u00e1trica Asesor\u00edas.\",\"isPartOf\":{\"@id\":\"https:\/\/canpa.cl\/wp\/#website\"},\"datePublished\":\"2025-10-02T18:16:07+00:00\",\"breadcrumb\":{\"@id\":\"https:\/\/canpa.cl\/wp\/my-account\/#breadcrumb\"},\"inLanguage\":\"es-CL\",\"potentialAction\":[{\"@type\":\"ReadAction\",\"target\":[\"https:\/\/canpa.cl\/wp\/my-account\/\"]}]},{\"@type\":\"BreadcrumbList\",\"@id\":\"https:\/\/canpa.cl\/wp\/my-account\/#breadcrumb\",\"itemListElement\":[{\"@type\":\"ListItem\",\"position\":1,\"name\":\"Portada\",\"item\":\"https:\/\/canpa.cl\/wp\/\"},{\"@type\":\"ListItem\",\"position\":2,\"name\":\"My Account\"}]},{\"@type\":\"WebSite\",\"@id\":\"https:\/\/canpa.cl\/wp\/#website\",\"url\":\"https:\/\/canpa.cl\/wp\/\",\"name\":\"CANPA - Comunicaci\u00f3n Alimentaci\u00f3n Neonatal\/Pedi\u00e1trica Asesor\u00edas.\",\"description\":\"Formaci\u00f3n para Profesionales de la Salud\",\"publisher\":{\"@id\":\"https:\/\/canpa.cl\/wp\/#organization\"},\"potentialAction\":[{\"@type\":\"SearchAction\",\"target\":{\"@type\":\"EntryPoint\",\"urlTemplate\":\"https:\/\/canpa.cl\/wp\/?s={search_term_string}\"},\"query-input\":{\"@type\":\"PropertyValueSpecification\",\"valueRequired\":true,\"valueName\":\"search_term_string\"}}],\"inLanguage\":\"es-CL\"},{\"@type\":\"Organization\",\"@id\":\"https:\/\/canpa.cl\/wp\/#organization\",\"name\":\"CANPA - Comunicaci\u00f3n Alimentaci\u00f3n Neonatal\/Pedi\u00e1trica Asesor\u00edas.\",\"url\":\"https:\/\/canpa.cl\/wp\/\",\"logo\":{\"@type\":\"ImageObject\",\"inLanguage\":\"es-CL\",\"@id\":\"https:\/\/canpa.cl\/wp\/#\/schema\/logo\/image\/\",\"url\":\"https:\/\/canpa.cl\/wp\/wp-content\/uploads\/2022\/04\/canpalogo.png\",\"contentUrl\":\"https:\/\/canpa.cl\/wp\/wp-content\/uploads\/2022\/04\/canpalogo.png\",\"width\":176,\"height\":52,\"caption\":\"CANPA - Comunicaci\u00f3n Alimentaci\u00f3n Neonatal\/Pedi\u00e1trica Asesor\u00edas.\"},\"image\":{\"@id\":\"https:\/\/canpa.cl\/wp\/#\/schema\/logo\/image\/\"},\"sameAs\":[\"https:\/\/www.facebook.com\/lactanciacanpa\/\",\"https:\/\/www.instagram.com\/lactanciacanpa\/\"]}]}<\/script>\n<!-- \/ Yoast SEO plugin. -->","yoast_head_json":{"title":"My Account - CANPA - Comunicaci\u00f3n Alimentaci\u00f3n Neonatal\/Pedi\u00e1trica Asesor\u00edas.","robots":{"index":"index","follow":"follow","max-snippet":"max-snippet:-1","max-image-preview":"max-image-preview:large","max-video-preview":"max-video-preview:-1"},"canonical":"https:\/\/canpa.cl\/wp\/my-account\/","og_locale":"es_ES","og_type":"article","og_title":"My Account - CANPA - Comunicaci\u00f3n Alimentaci\u00f3n Neonatal\/Pedi\u00e1trica Asesor\u00edas.","og_description":"[user_registration_my_account]","og_url":"https:\/\/canpa.cl\/wp\/my-account\/","og_site_name":"CANPA - Comunicaci\u00f3n Alimentaci\u00f3n Neonatal\/Pedi\u00e1trica Asesor\u00edas.","article_publisher":"https:\/\/www.facebook.com\/lactanciacanpa\/","twitter_card":"summary_large_image","schema":{"@context":"https:\/\/schema.org","@graph":[{"@type":"WebPage","@id":"https:\/\/canpa.cl\/wp\/my-account\/","url":"https:\/\/canpa.cl\/wp\/my-account\/","name":"My Account - CANPA - Comunicaci\u00f3n Alimentaci\u00f3n Neonatal\/Pedi\u00e1trica Asesor\u00edas.","isPartOf":{"@id":"https:\/\/canpa.cl\/wp\/#website"},"datePublished":"2025-10-02T18:16:07+00:00","breadcrumb":{"@id":"https:\/\/canpa.cl\/wp\/my-account\/#breadcrumb"},"inLanguage":"es-CL","potentialAction":[{"@type":"ReadAction","target":["https:\/\/canpa.cl\/wp\/my-account\/"]}]},{"@type":"BreadcrumbList","@id":"https:\/\/canpa.cl\/wp\/my-account\/#breadcrumb","itemListElement":[{"@type":"ListItem","position":1,"name":"Portada","item":"https:\/\/canpa.cl\/wp\/"},{"@type":"ListItem","position":2,"name":"My Account"}]},{"@type":"WebSite","@id":"https:\/\/canpa.cl\/wp\/#website","url":"https:\/\/canpa.cl\/wp\/","name":"CANPA - Comunicaci\u00f3n Alimentaci\u00f3n Neonatal\/Pedi\u00e1trica Asesor\u00edas.","description":"Formaci\u00f3n para Profesionales de la Salud","publisher":{"@id":"https:\/\/canpa.cl\/wp\/#organization"},"potentialAction":[{"@type":"SearchAction","target":{"@type":"EntryPoint","urlTemplate":"https:\/\/canpa.cl\/wp\/?s={search_term_string}"},"query-input":{"@type":"PropertyValueSpecification","valueRequired":true,"valueName":"search_term_string"}}],"inLanguage":"es-CL"},{"@type":"Organization","@id":"https:\/\/canpa.cl\/wp\/#organization","name":"CANPA - Comunicaci\u00f3n Alimentaci\u00f3n Neonatal\/Pedi\u00e1trica Asesor\u00edas.","url":"https:\/\/canpa.cl\/wp\/","logo":{"@type":"ImageObject","inLanguage":"es-CL","@id":"https:\/\/canpa.cl\/wp\/#\/schema\/logo\/image\/","url":"https:\/\/canpa.cl\/wp\/wp-content\/uploads\/2022\/04\/canpalogo.png","contentUrl":"https:\/\/canpa.cl\/wp\/wp-content\/uploads\/2022\/04\/canpalogo.png","width":176,"height":52,"caption":"CANPA - Comunicaci\u00f3n Alimentaci\u00f3n Neonatal\/Pedi\u00e1trica Asesor\u00edas."},"image":{"@id":"https:\/\/canpa.cl\/wp\/#\/schema\/logo\/image\/"},"sameAs":["https:\/\/www.facebook.com\/lactanciacanpa\/","https:\/\/www.instagram.com\/lactanciacanpa\/"]}]}},"_links":{"self":[{"href":"https:\/\/canpa.cl\/wp\/wp-json\/wp\/v2\/pages\/6344","targetHints":{"allow":["GET"]}}],"collection":[{"href":"https:\/\/canpa.cl\/wp\/wp-json\/wp\/v2\/pages"}],"about":[{"href":"https:\/\/canpa.cl\/wp\/wp-json\/wp\/v2\/types\/page"}],"author":[{"embeddable":true,"href":"https:\/\/canpa.cl\/wp\/wp-json\/wp\/v2\/users\/1"}],"replies":[{"embeddable":true,"href":"https:\/\/canpa.cl\/wp\/wp-json\/wp\/v2\/comments?post=6344"}],"version-history":[{"count":0,"href":"https:\/\/canpa.cl\/wp\/wp-json\/wp\/v2\/pages\/6344\/revisions"}],"wp:attachment":[{"href":"https:\/\/canpa.cl\/wp\/wp-json\/wp\/v2\/media?parent=6344"}],"curies":[{"name":"wp","href":"https:\/\/api.w.org\/{rel}","templated":true}]}}